{"id":31,"date":"2026-03-04T16:28:02","date_gmt":"2026-03-04T16:28:02","guid":{"rendered":"http:\/\/syytampere.fi\/?page_id=31"},"modified":"2026-03-07T16:01:21","modified_gmt":"2026-03-07T16:01:21","slug":"hallitus-2026","status":"publish","type":"page","link":"http:\/\/syytampere.fi\/?page_id=31","title":{"rendered":"Hallitus 2026"},"content":{"rendered":"\n<div class=\"wp-block-media-text is-stacked-on-mobile\" style=\"grid-template-columns:59% auto\"><figure class=\"wp-block-media-text__media\"><img loading=\"lazy\" decoding=\"async\" width=\"1024\" height=\"683\" src=\"https:\/\/syytampere.fi\/wp-content\/uploads\/2026\/03\/1-DSC024391-1024x683.jpg\" alt=\"\" class=\"wp-image-46 size-full\" srcset=\"http:\/\/syytampere.fi\/wp-content\/uploads\/2026\/03\/1-DSC024391-1024x683.jpg 1024w, http:\/\/syytampere.fi\/wp-content\/uploads\/2026\/03\/1-DSC024391-300x200.jpg 300w, http:\/\/syytampere.fi\/wp-content\/uploads\/2026\/03\/1-DSC024391-768x512.jpg 768w, http:\/\/syytampere.fi\/wp-content\/uploads\/2026\/03\/1-DSC024391-1536x1024.jpg 1536w, http:\/\/syytampere.fi\/wp-content\/uploads\/2026\/03\/1-DSC024391-2048x1365.jpg 2048w\" sizes=\"auto, (max-width: 1024px) 100vw, 1024px\" \/><\/figure><div class=\"wp-block-media-text__content\">\n<h2 class=\"wp-block-heading\">Kasperi Lounaskorpi<\/h2>\n\n\n\n<p><strong>Puheenjohtaja<\/strong><\/p>\n\n\n\n<p>puheenjohtaja@syytampere.fi<\/p>\n<\/div><\/div>\n\n\n\n<div class=\"wp-block-media-text has-media-on-the-right is-stacked-on-mobile\" style=\"grid-template-columns:auto 60%\"><div class=\"wp-block-media-text__content\">\n<h2 class=\"wp-block-heading\">Kaius Kirjavainen<\/h2>\n\n\n\n<p><strong>Varapuheenjohtaja &amp; Talousvastaava<\/strong><\/p>\n\n\n\n<p>rahastonhoitaja@syytampere.fi<\/p>\n<\/div><figure class=\"wp-block-media-text__media\"><img loading=\"lazy\" decoding=\"async\" width=\"1024\" height=\"683\" src=\"https:\/\/syytampere.fi\/wp-content\/uploads\/2026\/03\/8-DSC024851-1024x683.jpg\" alt=\"\" class=\"wp-image-47 size-full\" srcset=\"http:\/\/syytampere.fi\/wp-content\/uploads\/2026\/03\/8-DSC024851-1024x683.jpg 1024w, http:\/\/syytampere.fi\/wp-content\/uploads\/2026\/03\/8-DSC024851-300x200.jpg 300w, http:\/\/syytampere.fi\/wp-content\/uploads\/2026\/03\/8-DSC024851-768x512.jpg 768w, http:\/\/syytampere.fi\/wp-content\/uploads\/2026\/03\/8-DSC024851-1536x1024.jpg 1536w, http:\/\/syytampere.fi\/wp-content\/uploads\/2026\/03\/8-DSC024851-2048x1365.jpg 2048w\" sizes=\"auto, (max-width: 1024px) 100vw, 1024px\" \/><\/figure><\/div>\n\n\n\n<div class=\"wp-block-media-text is-stacked-on-mobile\" style=\"grid-template-columns:57% auto\"><figure class=\"wp-block-media-text__media\"><img loading=\"lazy\" decoding=\"async\" width=\"1024\" height=\"683\" src=\"https:\/\/syytampere.fi\/wp-content\/uploads\/2026\/03\/7-DSC024801-1024x683.jpg\" alt=\"\" class=\"wp-image-49 size-full\" srcset=\"http:\/\/syytampere.fi\/wp-content\/uploads\/2026\/03\/7-DSC024801-1024x683.jpg 1024w, http:\/\/syytampere.fi\/wp-content\/uploads\/2026\/03\/7-DSC024801-300x200.jpg 300w, http:\/\/syytampere.fi\/wp-content\/uploads\/2026\/03\/7-DSC024801-768x512.jpg 768w, http:\/\/syytampere.fi\/wp-content\/uploads\/2026\/03\/7-DSC024801-1536x1024.jpg 1536w, http:\/\/syytampere.fi\/wp-content\/uploads\/2026\/03\/7-DSC024801-2048x1365.jpg 2048w\" sizes=\"auto, (max-width: 1024px) 100vw, 1024px\" \/><\/figure><div class=\"wp-block-media-text__content\">\n<h2 class=\"wp-block-heading\">Miika-Samuel Rostedt<\/h2>\n\n\n\n<p><strong>Sihteeri<\/strong><\/p>\n\n\n\n<p>sihteeri@syytampere.fi<\/p>\n<\/div><\/div>\n\n\n\n<div class=\"wp-block-media-text has-media-on-the-right is-stacked-on-mobile\" style=\"grid-template-columns:auto 60%\"><div class=\"wp-block-media-text__content\">\n<h2 class=\"wp-block-heading\">Kia Nevanranta &amp; Enni Oja<\/h2>\n\n\n\n<p><strong>Tapahtumavastaavat<\/strong><\/p>\n\n\n\n<p>tapahtumat@syytampere.fi<\/p>\n<\/div><figure class=\"wp-block-media-text__media\"><img loading=\"lazy\" decoding=\"async\" width=\"1024\" height=\"683\" src=\"https:\/\/syytampere.fi\/wp-content\/uploads\/2026\/03\/Enni-ja-Kia-1024x683.jpg\" alt=\"\" class=\"wp-image-51 size-full\" srcset=\"http:\/\/syytampere.fi\/wp-content\/uploads\/2026\/03\/Enni-ja-Kia-1024x683.jpg 1024w, http:\/\/syytampere.fi\/wp-content\/uploads\/2026\/03\/Enni-ja-Kia-300x200.jpg 300w, http:\/\/syytampere.fi\/wp-content\/uploads\/2026\/03\/Enni-ja-Kia-768x512.jpg 768w, http:\/\/syytampere.fi\/wp-content\/uploads\/2026\/03\/Enni-ja-Kia-1536x1024.jpg 1536w, http:\/\/syytampere.fi\/wp-content\/uploads\/2026\/03\/Enni-ja-Kia-2048x1365.jpg 2048w\" sizes=\"auto, (max-width: 1024px) 100vw, 1024px\" \/><\/figure><\/div>\n\n\n\n<div class=\"wp-block-media-text is-stacked-on-mobile\" style=\"grid-template-columns:57% auto\"><figure class=\"wp-block-media-text__media\"><img loading=\"lazy\" decoding=\"async\" width=\"1024\" height=\"683\" src=\"https:\/\/syytampere.fi\/wp-content\/uploads\/2026\/03\/2-DSC024411-1024x683.jpg\" alt=\"\" class=\"wp-image-53 size-full\" srcset=\"http:\/\/syytampere.fi\/wp-content\/uploads\/2026\/03\/2-DSC024411-1024x683.jpg 1024w, http:\/\/syytampere.fi\/wp-content\/uploads\/2026\/03\/2-DSC024411-300x200.jpg 300w, http:\/\/syytampere.fi\/wp-content\/uploads\/2026\/03\/2-DSC024411-768x512.jpg 768w, http:\/\/syytampere.fi\/wp-content\/uploads\/2026\/03\/2-DSC024411-1536x1024.jpg 1536w, http:\/\/syytampere.fi\/wp-content\/uploads\/2026\/03\/2-DSC024411-2048x1365.jpg 2048w\" sizes=\"auto, (max-width: 1024px) 100vw, 1024px\" \/><\/figure><div class=\"wp-block-media-text__content\">\n<h2 class=\"wp-block-heading\">Niilo Hiltunen<\/h2>\n\n\n\n<p><strong>Viestint\u00e4vastaava<\/strong><\/p>\n\n\n\n<p>viesint\u00e4@syytampere.fi<\/p>\n<\/div><\/div>\n\n\n\n<div class=\"wp-block-media-text has-media-on-the-right is-stacked-on-mobile\" style=\"grid-template-columns:auto 65%\"><div class=\"wp-block-media-text__content\">\n<h2 class=\"wp-block-heading\">Matias Selin<\/h2>\n\n\n\n<p><strong>ICT- ja Viestint\u00e4vastaava<\/strong><\/p>\n<\/div><figure class=\"wp-block-media-text__media\"><img loading=\"lazy\" decoding=\"async\" width=\"1024\" height=\"683\" src=\"https:\/\/syytampere.fi\/wp-content\/uploads\/2026\/03\/3-DSC024451-1024x683.jpg\" alt=\"\" class=\"wp-image-54 size-full\" srcset=\"http:\/\/syytampere.fi\/wp-content\/uploads\/2026\/03\/3-DSC024451-1024x683.jpg 1024w, http:\/\/syytampere.fi\/wp-content\/uploads\/2026\/03\/3-DSC024451-300x200.jpg 300w, http:\/\/syytampere.fi\/wp-content\/uploads\/2026\/03\/3-DSC024451-768x512.jpg 768w, http:\/\/syytampere.fi\/wp-content\/uploads\/2026\/03\/3-DSC024451-1536x1024.jpg 1536w, http:\/\/syytampere.fi\/wp-content\/uploads\/2026\/03\/3-DSC024451-2048x1365.jpg 2048w\" sizes=\"auto, (max-width: 1024px) 100vw, 1024px\" \/><\/figure><\/div>\n\n\n\n<div class=\"wp-block-media-text is-stacked-on-mobile\" style=\"grid-template-columns:60% auto\"><figure class=\"wp-block-media-text__media\"><img loading=\"lazy\" decoding=\"async\" width=\"1024\" height=\"683\" src=\"https:\/\/syytampere.fi\/wp-content\/uploads\/2026\/03\/4-DSC024481-1024x683.jpg\" alt=\"\" class=\"wp-image-55 size-full\" srcset=\"http:\/\/syytampere.fi\/wp-content\/uploads\/2026\/03\/4-DSC024481-1024x683.jpg 1024w, http:\/\/syytampere.fi\/wp-content\/uploads\/2026\/03\/4-DSC024481-300x200.jpg 300w, http:\/\/syytampere.fi\/wp-content\/uploads\/2026\/03\/4-DSC024481-768x512.jpg 768w, http:\/\/syytampere.fi\/wp-content\/uploads\/2026\/03\/4-DSC024481-1536x1024.jpg 1536w, http:\/\/syytampere.fi\/wp-content\/uploads\/2026\/03\/4-DSC024481-2048x1365.jpg 2048w\" sizes=\"auto, (max-width: 1024px) 100vw, 1024px\" \/><\/figure><div class=\"wp-block-media-text__content\">\n<h2 class=\"wp-block-heading\">Mat\u00edas Mena<\/h2>\n\n\n\n<p><strong>Liittohallitusvastaava<\/strong><\/p>\n\n\n\n<p>liittohallitusedustaja@syytampere.fi<\/p>\n<\/div><\/div>\n\n\n<div class=\"wp-block-site-logo\"><a href=\"http:\/\/syytampere.fi\/\" class=\"custom-logo-link\" rel=\"home\"><img loading=\"lazy\" decoding=\"async\" width=\"120\" height=\"120\" src=\"http:\/\/syytampere.fi\/wp-content\/uploads\/2024\/01\/syylogo.png\" class=\"custom-logo\" alt=\"SYY-Tampere\" srcset=\"http:\/\/syytampere.fi\/wp-content\/uploads\/2024\/01\/syylogo.png 4000w, http:\/\/syytampere.fi\/wp-content\/uploads\/2024\/01\/syylogo-300x300.png 300w, http:\/\/syytampere.fi\/wp-content\/uploads\/2024\/01\/syylogo-1024x1024.png 1024w, http:\/\/syytampere.fi\/wp-content\/uploads\/2024\/01\/syylogo-150x150.png 150w, http:\/\/syytampere.fi\/wp-content\/uploads\/2024\/01\/syylogo-768x768.png 768w, http:\/\/syytampere.fi\/wp-content\/uploads\/2024\/01\/syylogo-1536x1536.png 1536w, http:\/\/syytampere.fi\/wp-content\/uploads\/2024\/01\/syylogo-2048x2048.png 2048w\" sizes=\"auto, (max-width: 120px) 100vw, 120px\" \/><\/a><\/div>","protected":false},"excerpt":{"rendered":"<p>Kasperi Lounaskorpi Puheenjohtaja puheenjohtaja@syytampere.fi Kaius Kirjavainen Varapuheenjohtaja &amp; Talousvastaava rahastonhoitaja@syytampere.fi Miika-Samuel Rostedt Sihteeri sihteeri@syytampere.fi Kia Nevanranta &amp; Enni Oja Tapahtumavastaavat tapahtumat@syytampere.fi Niilo Hiltunen Viestint\u00e4vastaava viesint\u00e4@syytampere.fi Matias Selin ICT- ja Viestint\u00e4vastaava Mat\u00edas Mena Liittohallitusvastaava liittohallitusedustaja@syytampere.fi<\/p>\n","protected":false},"author":1,"featured_media":0,"parent":0,"menu_order":0,"comment_status":"closed","ping_status":"closed","template":"","meta":{"footnotes":""},"class_list":["post-31","page","type-page","status-publish","hentry"],"blocksy_meta":{"disable_featured_image":"no","has_hero_section":"enabled","hero_elements":[{"id":"custom_title","enabled":true,"heading_tag":"h1","title":"Home","__id":"XFSz_DGXelF4nSz3lfpBF"},{"id":"custom_description","enabled":true,"description_visibility":{"desktop":true,"tablet":true,"mobile":false},"__id":"co1IIpfse3vaO32Q_XLh3"},{"id":"custom_meta","enabled":false,"meta_elements":[{"id":"author","enabled":true,"label":"By","has_author_avatar":"yes","avatar_size":25},{"id":"post_date","enabled":true,"label":"On","date_format_source":"default","date_format":"M j, Y"},{"id":"updated_date","enabled":false,"label":"On","date_format_source":"default","date_format":"M j, Y"},{"id":"categories","enabled":false,"label":"In","style":"simple"},{"id":"comments","enabled":true}],"page_meta_elements":{"joined":true,"articles_count":true,"comments":true},"__id":"SnGO8P9XMNypqK53IxHKb"},{"id":"breadcrumbs","enabled":false,"__id":"umj4etyamoczx6cb2VU3r"}],"styles_descriptor":{"styles":{"desktop":"[data-prefix=\"single_page\"] .entry-header .page-title {--theme-font-size:30px;} [data-prefix=\"single_page\"] .entry-header .entry-meta {--theme-font-weight:600;--theme-text-transform:uppercase;--theme-font-size:12px;--theme-line-height:1.3;} [data-prefix=\"single_page\"] .hero-section[data-type=\"type-2\"] {background-color:var(--theme-palette-color-6);background-image:none;--container-padding:50px 0px;}","tablet":"","mobile":""},"google_fonts":[],"version":6},"content_style_source":"inherit","vertical_spacing_source":"inherit","hero_section":"type-2","page_title_bg_type":"custom_image","custom_hero_background":{"attachment_id":8,"url":"http:\/\/syytampere.fi\/wp-content\/uploads\/2024\/01\/Nayttokuva-2024-1-13-kello-1.20.46-300x119.png"}},"_links":{"self":[{"href":"http:\/\/syytampere.fi\/index.php?rest_route=\/wp\/v2\/pages\/31","targetHints":{"allow":["GET"]}}],"collection":[{"href":"http:\/\/syytampere.fi\/index.php?rest_route=\/wp\/v2\/pages"}],"about":[{"href":"http:\/\/syytampere.fi\/index.php?rest_route=\/wp\/v2\/types\/page"}],"author":[{"embeddable":true,"href":"http:\/\/syytampere.fi\/index.php?rest_route=\/wp\/v2\/users\/1"}],"replies":[{"embeddable":true,"href":"http:\/\/syytampere.fi\/index.php?rest_route=%2Fwp%2Fv2%2Fcomments&post=31"}],"version-history":[{"count":9,"href":"http:\/\/syytampere.fi\/index.php?rest_route=\/wp\/v2\/pages\/31\/revisions"}],"predecessor-version":[{"id":108,"href":"http:\/\/syytampere.fi\/index.php?rest_route=\/wp\/v2\/pages\/31\/revisions\/108"}],"wp:attachment":[{"href":"http:\/\/syytampere.fi\/index.php?rest_route=%2Fwp%2Fv2%2Fmedia&parent=31"}],"curies":[{"name":"wp","href":"https:\/\/api.w.org\/{rel}","templated":true}]}}