{"id":136,"date":"2026-03-11T14:21:04","date_gmt":"2026-03-11T14:21:04","guid":{"rendered":"https:\/\/syytampere.fi\/?page_id=136"},"modified":"2026-03-13T17:13:38","modified_gmt":"2026-03-13T17:13:38","slug":"tapahtumat","status":"publish","type":"page","link":"http:\/\/syytampere.fi\/?page_id=136","title":{"rendered":"Tapahtumat"},"content":{"rendered":"\n<h2 class=\"wp-block-heading has-text-align-center has-x-large-font-size\">SYY-Vohvelit<\/h2>\n\n\n\n<figure class=\"wp-block-image size-large has-custom-border\"><img loading=\"lazy\" decoding=\"async\" width=\"1024\" height=\"576\" src=\"http:\/\/syytampere.fi\/wp-content\/uploads\/2026\/03\/SYY-Vohvelit-1024x576.jpg\" alt=\"\" class=\"has-border-color wp-image-152\" style=\"border-color:#f78da7;border-width:4px;border-top-left-radius:34px;border-top-right-radius:34px;border-bottom-left-radius:34px;border-bottom-right-radius:34px\" srcset=\"http:\/\/syytampere.fi\/wp-content\/uploads\/2026\/03\/SYY-Vohvelit-1024x576.jpg 1024w, http:\/\/syytampere.fi\/wp-content\/uploads\/2026\/03\/SYY-Vohvelit-300x169.jpg 300w, http:\/\/syytampere.fi\/wp-content\/uploads\/2026\/03\/SYY-Vohvelit-768x432.jpg 768w, http:\/\/syytampere.fi\/wp-content\/uploads\/2026\/03\/SYY-Vohvelit.jpg 1280w\" sizes=\"auto, (max-width: 1024px) 100vw, 1024px\" \/><\/figure>\n\n\n\n<p class=\"has-text-align-center\">Suomen Yhteiskunta-alojen Ylioppilaat esittelev\u00e4t toimintaansa herkullisten vohvelien parissa.<\/p>\n\n\n\n<div class=\"wp-block-buttons is-content-justification-center is-layout-flex wp-container-core-buttons-is-layout-a89b3969 wp-block-buttons-is-layout-flex\"><\/div>\n\n\n\n<h2 class=\"wp-block-heading has-text-align-center has-x-large-font-size\" style=\"border-style:none;border-width:0px;border-top-left-radius:0px;border-top-right-radius:0px;border-bottom-left-radius:0px;border-bottom-right-radius:0px\">Linna Excu 2026<\/h2>\n\n\n\n<figure class=\"wp-block-image size-large has-custom-border is-style-rounded\"><img loading=\"lazy\" decoding=\"async\" width=\"1024\" height=\"576\" src=\"http:\/\/syytampere.fi\/wp-content\/uploads\/2026\/03\/photo_2026-03-11_14-59-07-1024x576.jpg\" alt=\"\" class=\"has-border-color wp-image-132\" style=\"border-color:#fa28a9;border-width:4px;border-top-left-radius:34px;border-top-right-radius:34px;border-bottom-left-radius:34px;border-bottom-right-radius:34px\" srcset=\"http:\/\/syytampere.fi\/wp-content\/uploads\/2026\/03\/photo_2026-03-11_14-59-07-1024x576.jpg 1024w, http:\/\/syytampere.fi\/wp-content\/uploads\/2026\/03\/photo_2026-03-11_14-59-07-300x169.jpg 300w, http:\/\/syytampere.fi\/wp-content\/uploads\/2026\/03\/photo_2026-03-11_14-59-07-768x432.jpg 768w, http:\/\/syytampere.fi\/wp-content\/uploads\/2026\/03\/photo_2026-03-11_14-59-07.jpg 1280w\" sizes=\"auto, (max-width: 1024px) 100vw, 1024px\" \/><\/figure>\n\n\n\n<p class=\"has-text-align-center\">SYY-Tampereen ja SYY-Turun yhteisty\u00f6ss\u00e4 toteutettu LinnaExcu vie sinut tutustumaan Turun linnaan sek\u00e4 my\u00f6s turkulaiseen opiskelijakulttuuriin.<\/p>\n\n\n\n<div class=\"wp-block-buttons is-content-justification-center is-layout-flex wp-container-core-buttons-is-layout-a89b3969 wp-block-buttons-is-layout-flex\">\n<div class=\"wp-block-button\"><a class=\"wp-block-button__link has-text-align-center wp-element-button\" href=\"https:\/\/syytampere.fi\/?page_id=111\">Lue lis\u00e4\u00e4<\/a><\/div>\n<\/div>\n","protected":false},"excerpt":{"rendered":"<p>SYY-Vohvelit Suomen Yhteiskunta-alojen Ylioppilaat esittelev\u00e4t toimintaansa herkullisten vohvelien parissa. Linna Excu 2026 SYY-Tampereen ja SYY-Turun yhteisty\u00f6ss\u00e4 toteutettu LinnaExcu vie sinut tutustumaan Turun linnaan sek\u00e4 my\u00f6s turkulaiseen opiskelijakulttuuriin.<\/p>\n","protected":false},"author":1,"featured_media":0,"parent":0,"menu_order":0,"comment_status":"closed","ping_status":"closed","template":"","meta":{"footnotes":""},"class_list":["post-136","page","type-page","status-publish","hentry"],"blocksy_meta":{"has_hero_section":"enabled","hero_section":"type-2","page_title_bg_type":"custom_image","custom_hero_background":{"attachment_id":8,"url":"http:\/\/syytampere.fi\/wp-content\/uploads\/2024\/01\/Nayttokuva-2024-1-13-kello-1.20.46-300x119.png"},"styles_descriptor":{"styles":{"desktop":"[data-prefix=\"single_page\"] .entry-header .page-title {--theme-font-size:55px;} [data-prefix=\"single_page\"] .entry-header .entry-meta {--theme-font-weight:600;--theme-text-transform:uppercase;--theme-font-size:12px;--theme-line-height:1.3;} [data-prefix=\"single_page\"] .entry-header .page-description {--theme-font-size:55px;} [data-prefix=\"single_page\"] .hero-section[data-type=\"type-2\"] {background-color:var(--theme-palette-color-6);background-image:none;--container-padding:50px 0px;}","tablet":"","mobile":""},"google_fonts":[],"version":6},"pageExcerptFont":{"family":"Default","variation":"Default","size":"55px","line-height":"CT_CSS_SKIP_RULE","letter-spacing":"CT_CSS_SKIP_RULE","text-transform":"CT_CSS_SKIP_RULE","text-decoration":"CT_CSS_SKIP_RULE"},"pageTitleFont":{"family":"Default","variation":"Default","size":"55px","line-height":"CT_CSS_SKIP_RULE","letter-spacing":"CT_CSS_SKIP_RULE","text-transform":"CT_CSS_SKIP_RULE","text-decoration":"CT_CSS_SKIP_RULE"}},"_links":{"self":[{"href":"http:\/\/syytampere.fi\/index.php?rest_route=\/wp\/v2\/pages\/136","targetHints":{"allow":["GET"]}}],"collection":[{"href":"http:\/\/syytampere.fi\/index.php?rest_route=\/wp\/v2\/pages"}],"about":[{"href":"http:\/\/syytampere.fi\/index.php?rest_route=\/wp\/v2\/types\/page"}],"author":[{"embeddable":true,"href":"http:\/\/syytampere.fi\/index.php?rest_route=\/wp\/v2\/users\/1"}],"replies":[{"embeddable":true,"href":"http:\/\/syytampere.fi\/index.php?rest_route=%2Fwp%2Fv2%2Fcomments&post=136"}],"version-history":[{"count":8,"href":"http:\/\/syytampere.fi\/index.php?rest_route=\/wp\/v2\/pages\/136\/revisions"}],"predecessor-version":[{"id":168,"href":"http:\/\/syytampere.fi\/index.php?rest_route=\/wp\/v2\/pages\/136\/revisions\/168"}],"wp:attachment":[{"href":"http:\/\/syytampere.fi\/index.php?rest_route=%2Fwp%2Fv2%2Fmedia&parent=136"}],"curies":[{"name":"wp","href":"https:\/\/api.w.org\/{rel}","templated":true}]}}